{"id":574,"date":"2020-01-28T13:28:53","date_gmt":"2020-01-28T13:28:53","guid":{"rendered":"https:\/\/wendltreppe.ani-media.at\/?page_id=574"},"modified":"2023-03-14T08:36:35","modified_gmt":"2023-03-14T08:36:35","slug":"edelstahlgelaender","status":"publish","type":"page","link":"https:\/\/wendltreppe.at\/edelstahlgelaender\/","title":{"rendered":"Edelstahlgel\u00e4nder"},"content":{"rendered":"\t\t<div data-elementor-type=\"wp-page\" data-elementor-id=\"574\" class=\"elementor elementor-574\" data-elementor-post-type=\"page\">\n\t\t\t\t\t\t<section class=\"elementor-section elementor-top-section elementor-element elementor-element-9b446bd elementor-section-boxed elementor-section-height-default elementor-section-height-default\" data-id=\"9b446bd\" data-element_type=\"section\" data-e-type=\"section\">\n\t\t\t\t\t\t<div class=\"elementor-container elementor-column-gap-default\">\n\t\t\t\t\t<div class=\"elementor-column elementor-col-100 elementor-top-column elementor-element elementor-element-e0d33a7\" data-id=\"e0d33a7\" data-element_type=\"column\" data-e-type=\"column\">\n\t\t\t<div class=\"elementor-widget-wrap elementor-element-populated\">\n\t\t\t\t\t\t<div class=\"elementor-element elementor-element-16f6cee elementor-widget elementor-widget-heading\" data-id=\"16f6cee\" data-element_type=\"widget\" data-e-type=\"widget\" data-widget_type=\"heading.default\">\n\t\t\t\t<div class=\"elementor-widget-container\">\n\t\t\t\t\t<h1 class=\"elementor-heading-title elementor-size-large\">Edelstahlgel\u00e4nder<\/h1>\t\t\t\t<\/div>\n\t\t\t\t<\/div>\n\t\t\t\t<div class=\"elementor-element elementor-element-f92c1f3 elementor-widget-divider--view-line elementor-widget elementor-widget-divider\" data-id=\"f92c1f3\" data-element_type=\"widget\" data-e-type=\"widget\" data-widget_type=\"divider.default\">\n\t\t\t\t<div class=\"elementor-widget-container\">\n\t\t\t\t\t\t\t<div class=\"elementor-divider\">\n\t\t\t<span class=\"elementor-divider-separator\">\n\t\t\t\t\t\t<\/span>\n\t\t<\/div>\n\t\t\t\t\t\t<\/div>\n\t\t\t\t<\/div>\n\t\t\t\t\t<\/div>\n\t\t<\/div>\n\t\t\t\t\t<\/div>\n\t\t<\/section>\n\t\t\t\t<section class=\"elementor-section elementor-top-section elementor-element elementor-element-933cfd5 elementor-section-boxed elementor-section-height-default elementor-section-height-default\" data-id=\"933cfd5\" data-element_type=\"section\" data-e-type=\"section\">\n\t\t\t\t\t\t<div class=\"elementor-container elementor-column-gap-default\">\n\t\t\t\t\t<div class=\"elementor-column elementor-col-100 elementor-top-column elementor-element elementor-element-c705abb\" data-id=\"c705abb\" data-element_type=\"column\" data-e-type=\"column\">\n\t\t\t<div class=\"elementor-widget-wrap elementor-element-populated\">\n\t\t\t\t\t\t<div class=\"elementor-element elementor-element-0531736 elementor-widget elementor-widget-text-editor\" data-id=\"0531736\" data-element_type=\"widget\" data-e-type=\"widget\" data-widget_type=\"text-editor.default\">\n\t\t\t\t<div class=\"elementor-widget-container\">\n\t\t\t\t\t\t\t\t\t<p>Edelstahlgel\u00e4nder f\u00fcr Balkone und Terrassen sind eine formsch\u00f6ne Visitenkarte Ihres Hauses.<\/p><p>Der gr\u00f6\u00dfte Vorteil von Edelstahl ist, der minimale Pflegeaufwand und die lange Lebensdauer. <br \/>Je nach Wunsch l\u00e4sst sich Edelstahl mit Elementen aus Glas, Seilen oder Holz hervorragend kombinieren.<\/p>\t\t\t\t\t\t\t\t<\/div>\n\t\t\t\t<\/div>\n\t\t\t\t\t<\/div>\n\t\t<\/div>\n\t\t\t\t\t<\/div>\n\t\t<\/section>\n\t\t\t\t<section class=\"elementor-section elementor-top-section elementor-element elementor-element-69cd7d1 elementor-section-boxed elementor-section-height-default elementor-section-height-default\" data-id=\"69cd7d1\" data-element_type=\"section\" data-e-type=\"section\">\n\t\t\t\t\t\t<div class=\"elementor-container elementor-column-gap-default\">\n\t\t\t\t\t<div class=\"elementor-column elementor-col-100 elementor-top-column elementor-element elementor-element-98a5785\" data-id=\"98a5785\" data-element_type=\"column\" data-e-type=\"column\">\n\t\t\t<div class=\"elementor-widget-wrap\">\n\t\t\t\t\t\t\t<\/div>\n\t\t<\/div>\n\t\t\t\t\t<\/div>\n\t\t<\/section>\n\t\t\t\t<section class=\"elementor-section elementor-top-section elementor-element elementor-element-4d426b3 elementor-section-boxed elementor-section-height-default elementor-section-height-default\" data-id=\"4d426b3\" data-element_type=\"section\" data-e-type=\"section\">\n\t\t\t\t\t\t<div class=\"elementor-container elementor-column-gap-default\">\n\t\t\t\t\t<div class=\"elementor-column elementor-col-100 elementor-top-column elementor-element elementor-element-8e948bf\" data-id=\"8e948bf\" data-element_type=\"column\" data-e-type=\"column\">\n\t\t\t<div class=\"elementor-widget-wrap elementor-element-populated\">\n\t\t\t\t\t\t<div class=\"elementor-element elementor-element-b07f2c9 elementor-widget elementor-widget-gallery\" data-id=\"b07f2c9\" data-element_type=\"widget\" data-e-type=\"widget\" data-settings=\"{&quot;lazyload&quot;:&quot;yes&quot;,&quot;gallery_layout&quot;:&quot;grid&quot;,&quot;columns&quot;:4,&quot;columns_tablet&quot;:2,&quot;columns_mobile&quot;:1,&quot;gap&quot;:{&quot;unit&quot;:&quot;px&quot;,&quot;size&quot;:10,&quot;sizes&quot;:[]},&quot;gap_tablet&quot;:{&quot;unit&quot;:&quot;px&quot;,&quot;size&quot;:10,&quot;sizes&quot;:[]},&quot;gap_mobile&quot;:{&quot;unit&quot;:&quot;px&quot;,&quot;size&quot;:10,&quot;sizes&quot;:[]},&quot;link_to&quot;:&quot;file&quot;,&quot;aspect_ratio&quot;:&quot;3:2&quot;,&quot;overlay_background&quot;:&quot;yes&quot;,&quot;content_hover_animation&quot;:&quot;fade-in&quot;}\" data-widget_type=\"gallery.default\">\n\t\t\t\t<div class=\"elementor-widget-container\">\n\t\t\t\t\t\t\t<div class=\"elementor-gallery__container\">\n\t\t\t\t\t\t\t<a class=\"e-gallery-item elementor-gallery-item elementor-animated-content\" href=\"https:\/\/wendltreppe.at\/wp-content\/uploads\/2020\/02\/edelstahlgel.jpg\" data-elementor-open-lightbox=\"yes\" data-elementor-lightbox-slideshow=\"b07f2c9\" data-elementor-lightbox-title=\"Edelstahlgel\u00e4nder\" data-elementor-lightbox-description=\"Edelstahlgel\u00e4nder\" data-e-action-hash=\"#elementor-action%3Aaction%3Dlightbox%26settings%3DeyJpZCI6MTE1NywidXJsIjoiaHR0cHM6XC9cL3dlbmRsdHJlcHBlLmF0XC93cC1jb250ZW50XC91cGxvYWRzXC8yMDIwXC8wMlwvZWRlbHN0YWhsZ2VsLmpwZyIsInNsaWRlc2hvdyI6ImIwN2YyYzkifQ%3D%3D\">\n\t\t\t\t\t<div class=\"e-gallery-image elementor-gallery-item__image\" data-thumbnail=\"https:\/\/wendltreppe.at\/wp-content\/uploads\/2020\/02\/edelstahlgel.jpg\" data-width=\"225\" data-height=\"300\" aria-label=\"Edelstahlgel\u00e4nder\" role=\"img\" ><\/div>\n\t\t\t\t\t\t\t\t\t\t\t<div class=\"elementor-gallery-item__overlay\"><\/div>\n\t\t\t\t\t\t\t\t\t\t\t\t\t\t<\/a>\n\t\t\t\t\t\t\t<a class=\"e-gallery-item elementor-gallery-item elementor-animated-content\" href=\"https:\/\/wendltreppe.at\/wp-content\/uploads\/2020\/02\/edelstahlgel\u00e4nder.jpg\" data-elementor-open-lightbox=\"yes\" data-elementor-lightbox-slideshow=\"b07f2c9\" data-elementor-lightbox-title=\"edelstahlgel\u00e4nder\" data-elementor-lightbox-description=\"Edelstahlgel\u00e4nder f\u00fcr Ihr Haus gibts bei Wendl\" data-e-action-hash=\"#elementor-action%3Aaction%3Dlightbox%26settings%3DeyJpZCI6MTA3NiwidXJsIjoiaHR0cHM6XC9cL3dlbmRsdHJlcHBlLmF0XC93cC1jb250ZW50XC91cGxvYWRzXC8yMDIwXC8wMlwvZWRlbHN0YWhsZ2VsXHUwMGU0bmRlci5qcGciLCJzbGlkZXNob3ciOiJiMDdmMmM5In0%3D\">\n\t\t\t\t\t<div class=\"e-gallery-image elementor-gallery-item__image\" data-thumbnail=\"https:\/\/wendltreppe.at\/wp-content\/uploads\/2020\/02\/edelstahlgel\u00e4nder.jpg\" data-width=\"300\" data-height=\"203\" aria-label=\"Edelstahlgel\u00e4nder f\u00fcr Ihr Haus gibts bei Wendl\" role=\"img\" ><\/div>\n\t\t\t\t\t\t\t\t\t\t\t<div class=\"elementor-gallery-item__overlay\"><\/div>\n\t\t\t\t\t\t\t\t\t\t\t\t\t\t<\/a>\n\t\t\t\t\t\t\t<a class=\"e-gallery-item elementor-gallery-item elementor-animated-content\" href=\"https:\/\/wendltreppe.at\/wp-content\/uploads\/2020\/02\/DSC00746-scaled.jpg\" data-elementor-open-lightbox=\"yes\" data-elementor-lightbox-slideshow=\"b07f2c9\" data-elementor-lightbox-title=\"edelstahlgelaender\" data-e-action-hash=\"#elementor-action%3Aaction%3Dlightbox%26settings%3DeyJpZCI6MTA2OSwidXJsIjoiaHR0cHM6XC9cL3dlbmRsdHJlcHBlLmF0XC93cC1jb250ZW50XC91cGxvYWRzXC8yMDIwXC8wMlwvRFNDMDA3NDYtc2NhbGVkLmpwZyIsInNsaWRlc2hvdyI6ImIwN2YyYzkifQ%3D%3D\">\n\t\t\t\t\t<div class=\"e-gallery-image elementor-gallery-item__image\" data-thumbnail=\"https:\/\/wendltreppe.at\/wp-content\/uploads\/2020\/02\/DSC00746-scaled.jpg\" data-width=\"300\" data-height=\"200\" aria-label=\"edelstahlgelaender\" role=\"img\" ><\/div>\n\t\t\t\t\t\t\t\t\t\t\t<div class=\"elementor-gallery-item__overlay\"><\/div>\n\t\t\t\t\t\t\t\t\t\t\t\t\t\t<\/a>\n\t\t\t\t\t\t\t<a class=\"e-gallery-item elementor-gallery-item elementor-animated-content\" href=\"https:\/\/wendltreppe.at\/wp-content\/uploads\/2020\/02\/DSC01054.jpg\" data-elementor-open-lightbox=\"yes\" data-elementor-lightbox-slideshow=\"b07f2c9\" data-elementor-lightbox-title=\"edelstahlgelaender\" data-e-action-hash=\"#elementor-action%3Aaction%3Dlightbox%26settings%3DeyJpZCI6MTA3MCwidXJsIjoiaHR0cHM6XC9cL3dlbmRsdHJlcHBlLmF0XC93cC1jb250ZW50XC91cGxvYWRzXC8yMDIwXC8wMlwvRFNDMDEwNTQuanBnIiwic2xpZGVzaG93IjoiYjA3ZjJjOSJ9\">\n\t\t\t\t\t<div class=\"e-gallery-image elementor-gallery-item__image\" data-thumbnail=\"https:\/\/wendltreppe.at\/wp-content\/uploads\/2020\/02\/DSC01054.jpg\" data-width=\"300\" data-height=\"231\" aria-label=\"edelstahlgelaender\" role=\"img\" ><\/div>\n\t\t\t\t\t\t\t\t\t\t\t<div class=\"elementor-gallery-item__overlay\"><\/div>\n\t\t\t\t\t\t\t\t\t\t\t\t\t\t<\/a>\n\t\t\t\t\t\t\t<a class=\"e-gallery-item elementor-gallery-item elementor-animated-content\" href=\"https:\/\/wendltreppe.at\/wp-content\/uploads\/2020\/02\/DSC06736-scaled.jpg\" data-elementor-open-lightbox=\"yes\" data-elementor-lightbox-slideshow=\"b07f2c9\" data-elementor-lightbox-title=\"edelstahlgel\u00e4nder\" data-e-action-hash=\"#elementor-action%3Aaction%3Dlightbox%26settings%3DeyJpZCI6MTA3MSwidXJsIjoiaHR0cHM6XC9cL3dlbmRsdHJlcHBlLmF0XC93cC1jb250ZW50XC91cGxvYWRzXC8yMDIwXC8wMlwvRFNDMDY3MzYtc2NhbGVkLmpwZyIsInNsaWRlc2hvdyI6ImIwN2YyYzkifQ%3D%3D\">\n\t\t\t\t\t<div class=\"e-gallery-image elementor-gallery-item__image\" data-thumbnail=\"https:\/\/wendltreppe.at\/wp-content\/uploads\/2020\/02\/DSC06736-scaled.jpg\" data-width=\"300\" data-height=\"200\" aria-label=\"edelstahlgelaender\" role=\"img\" ><\/div>\n\t\t\t\t\t\t\t\t\t\t\t<div class=\"elementor-gallery-item__overlay\"><\/div>\n\t\t\t\t\t\t\t\t\t\t\t\t\t\t<\/a>\n\t\t\t\t\t\t\t<a class=\"e-gallery-item elementor-gallery-item elementor-animated-content\" href=\"https:\/\/wendltreppe.at\/wp-content\/uploads\/2020\/02\/IMG_0118.jpg\" data-elementor-open-lightbox=\"yes\" data-elementor-lightbox-slideshow=\"b07f2c9\" data-elementor-lightbox-title=\"edelstahlgelaender\" data-e-action-hash=\"#elementor-action%3Aaction%3Dlightbox%26settings%3DeyJpZCI6MTA3MiwidXJsIjoiaHR0cHM6XC9cL3dlbmRsdHJlcHBlLmF0XC93cC1jb250ZW50XC91cGxvYWRzXC8yMDIwXC8wMlwvSU1HXzAxMTguanBnIiwic2xpZGVzaG93IjoiYjA3ZjJjOSJ9\">\n\t\t\t\t\t<div class=\"e-gallery-image elementor-gallery-item__image\" data-thumbnail=\"https:\/\/wendltreppe.at\/wp-content\/uploads\/2020\/02\/IMG_0118.jpg\" data-width=\"300\" data-height=\"225\" aria-label=\"edelstahlgelaender\" role=\"img\" ><\/div>\n\t\t\t\t\t\t\t\t\t\t\t<div class=\"elementor-gallery-item__overlay\"><\/div>\n\t\t\t\t\t\t\t\t\t\t\t\t\t\t<\/a>\n\t\t\t\t\t\t\t<a class=\"e-gallery-item elementor-gallery-item elementor-animated-content\" href=\"https:\/\/wendltreppe.at\/wp-content\/uploads\/2020\/02\/14.7.2004-053.jpg\" data-elementor-open-lightbox=\"yes\" data-elementor-lightbox-slideshow=\"b07f2c9\" data-elementor-lightbox-title=\"edelstahlgelaender\" data-e-action-hash=\"#elementor-action%3Aaction%3Dlightbox%26settings%3DeyJpZCI6MTA3NCwidXJsIjoiaHR0cHM6XC9cL3dlbmRsdHJlcHBlLmF0XC93cC1jb250ZW50XC91cGxvYWRzXC8yMDIwXC8wMlwvMTQuNy4yMDA0LTA1My5qcGciLCJzbGlkZXNob3ciOiJiMDdmMmM5In0%3D\">\n\t\t\t\t\t<div class=\"e-gallery-image elementor-gallery-item__image\" data-thumbnail=\"https:\/\/wendltreppe.at\/wp-content\/uploads\/2020\/02\/14.7.2004-053.jpg\" data-width=\"300\" data-height=\"225\" aria-label=\"edelstahlgelaender\" role=\"img\" ><\/div>\n\t\t\t\t\t\t\t\t\t\t\t<div class=\"elementor-gallery-item__overlay\"><\/div>\n\t\t\t\t\t\t\t\t\t\t\t\t\t\t<\/a>\n\t\t\t\t\t\t\t<a class=\"e-gallery-item elementor-gallery-item elementor-animated-content\" href=\"https:\/\/wendltreppe.at\/wp-content\/uploads\/2020\/02\/100_0090.jpg\" data-elementor-open-lightbox=\"yes\" data-elementor-lightbox-slideshow=\"b07f2c9\" data-elementor-lightbox-title=\"edelstahlgelaender\" data-e-action-hash=\"#elementor-action%3Aaction%3Dlightbox%26settings%3DeyJpZCI6MTA3NSwidXJsIjoiaHR0cHM6XC9cL3dlbmRsdHJlcHBlLmF0XC93cC1jb250ZW50XC91cGxvYWRzXC8yMDIwXC8wMlwvMTAwXzAwOTAuanBnIiwic2xpZGVzaG93IjoiYjA3ZjJjOSJ9\">\n\t\t\t\t\t<div class=\"e-gallery-image elementor-gallery-item__image\" data-thumbnail=\"https:\/\/wendltreppe.at\/wp-content\/uploads\/2020\/02\/100_0090.jpg\" data-width=\"300\" data-height=\"229\" aria-label=\"edelstahlgelaender\" role=\"img\" ><\/div>\n\t\t\t\t\t\t\t\t\t\t\t<div class=\"elementor-gallery-item__overlay\"><\/div>\n\t\t\t\t\t\t\t\t\t\t\t\t\t\t<\/a>\n\t\t\t\t\t\t\t<a class=\"e-gallery-item elementor-gallery-item elementor-animated-content\" href=\"https:\/\/wendltreppe.at\/wp-content\/uploads\/2020\/02\/Neu.jpg\" data-elementor-open-lightbox=\"yes\" data-elementor-lightbox-slideshow=\"b07f2c9\" data-elementor-lightbox-title=\"edelstahlgelaender\" data-e-action-hash=\"#elementor-action%3Aaction%3Dlightbox%26settings%3DeyJpZCI6MTA3MywidXJsIjoiaHR0cHM6XC9cL3dlbmRsdHJlcHBlLmF0XC93cC1jb250ZW50XC91cGxvYWRzXC8yMDIwXC8wMlwvTmV1LmpwZyIsInNsaWRlc2hvdyI6ImIwN2YyYzkifQ%3D%3D\">\n\t\t\t\t\t<div class=\"e-gallery-image elementor-gallery-item__image\" data-thumbnail=\"https:\/\/wendltreppe.at\/wp-content\/uploads\/2020\/02\/Neu.jpg\" data-width=\"250\" data-height=\"300\" aria-label=\"edelstahlgelaender\" role=\"img\" ><\/div>\n\t\t\t\t\t\t\t\t\t\t\t<div class=\"elementor-gallery-item__overlay\"><\/div>\n\t\t\t\t\t\t\t\t\t\t\t\t\t\t<\/a>\n\t\t\t\t\t<\/div>\n\t\t\t\t\t<\/div>\n\t\t\t\t<\/div>\n\t\t\t\t\t<\/div>\n\t\t<\/div>\n\t\t\t\t\t<\/div>\n\t\t<\/section>\n\t\t\t\t<section class=\"elementor-section elementor-top-section elementor-element elementor-element-7fe2a1b elementor-section-boxed elementor-section-height-default elementor-section-height-default\" data-id=\"7fe2a1b\" data-element_type=\"section\" data-e-type=\"section\">\n\t\t\t\t\t\t<div class=\"elementor-container elementor-column-gap-default\">\n\t\t\t\t\t<div class=\"elementor-column elementor-col-100 elementor-top-column elementor-element elementor-element-6c82f12\" data-id=\"6c82f12\" data-element_type=\"column\" data-e-type=\"column\">\n\t\t\t<div class=\"elementor-widget-wrap elementor-element-populated\">\n\t\t\t\t\t\t<div class=\"elementor-element elementor-element-1ce3735 elementor-align-center elementor-widget elementor-widget-button\" data-id=\"1ce3735\" data-element_type=\"widget\" data-e-type=\"widget\" data-widget_type=\"button.default\">\n\t\t\t\t<div class=\"elementor-widget-container\">\n\t\t\t\t\t\t\t\t\t<div class=\"elementor-button-wrapper\">\n\t\t\t\t\t<a class=\"elementor-button elementor-button-link elementor-size-sm\" href=\"https:\/\/wendltreppe.at\/index.php\/kontakt-wendl-metall\/\">\n\t\t\t\t\t\t<span class=\"elementor-button-content-wrapper\">\n\t\t\t\t\t\t\t\t\t<span class=\"elementor-button-text\">Kontakt<\/span>\n\t\t\t\t\t<\/span>\n\t\t\t\t\t<\/a>\n\t\t\t\t<\/div>\n\t\t\t\t\t\t\t\t<\/div>\n\t\t\t\t<\/div>\n\t\t\t\t\t<\/div>\n\t\t<\/div>\n\t\t\t\t\t<\/div>\n\t\t<\/section>\n\t\t\t\t<section class=\"elementor-section elementor-top-section elementor-element elementor-element-e28ea97 elementor-section-boxed elementor-section-height-default elementor-section-height-default\" data-id=\"e28ea97\" data-element_type=\"section\" data-e-type=\"section\">\n\t\t\t\t\t\t<div class=\"elementor-container elementor-column-gap-default\">\n\t\t\t\t\t<div class=\"elementor-column elementor-col-100 elementor-top-column elementor-element elementor-element-bc52dc1\" data-id=\"bc52dc1\" data-element_type=\"column\" data-e-type=\"column\">\n\t\t\t<div class=\"elementor-widget-wrap\">\n\t\t\t\t\t\t\t<\/div>\n\t\t<\/div>\n\t\t\t\t\t<\/div>\n\t\t<\/section>\n\t\t\t\t<\/div>\n\t\t","protected":false},"excerpt":{"rendered":"<p>Edelstahlgel\u00e4nder Edelstahlgel\u00e4nder f\u00fcr Balkone und Terrassen sind eine formsch\u00f6ne Visitenkarte Ihres Hauses. Der gr\u00f6\u00dfte Vorteil von Edelstahl ist, der minimale Pflegeaufwand und die lange Lebensdauer. Je nach Wunsch l\u00e4sst sich Edelstahl mit Elementen aus Glas, Seilen oder Holz hervorragend kombinieren. Kontakt<\/p>\n","protected":false},"author":1,"featured_media":0,"parent":0,"menu_order":0,"comment_status":"closed","ping_status":"closed","template":"page-templates\/page_fullwidth.php","meta":{"footnotes":""},"class_list":["post-574","page","type-page","status-publish","hentry"],"yoast_head":"<!-- This site is optimized with the Yoast SEO Premium plugin v27.3 (Yoast SEO v27.4) - https:\/\/yoast.com\/product\/yoast-seo-premium-wordpress\/ -->\n<title>Edelstahlgel\u00e4nder - Wendl Metall design &amp; technik gmbh<\/title>\n<meta name=\"description\" content=\"Edelstahlgel\u00e4nder f\u00fcr Balkone und Terrassen aus Edelstahl sind eine formsch\u00f6ne Visitenkarte Ihres Hauses. Erh\u00e4ltlich bei Wendl Metall &amp; Design.\" \/>\n<meta name=\"robots\" content=\"index, follow, max-snippet:-1, max-image-preview:large, max-video-preview:-1\" \/>\n<link rel=\"canonical\" href=\"https:\/\/wendltreppe.at\/edelstahlgelaender\/\" \/>\n<meta property=\"og:locale\" content=\"de_DE\" \/>\n<meta property=\"og:type\" content=\"article\" \/>\n<meta property=\"og:title\" content=\"Edelstahlgel\u00e4nder\" \/>\n<meta property=\"og:description\" content=\"Edelstahlgel\u00e4nder f\u00fcr Balkone und Terrassen aus Edelstahl sind eine formsch\u00f6ne Visitenkarte Ihres Hauses. Erh\u00e4ltlich bei Wendl Metall &amp; Design.\" \/>\n<meta property=\"og:url\" content=\"https:\/\/wendltreppe.at\/edelstahlgelaender\/\" \/>\n<meta property=\"og:site_name\" content=\"Wendl Metall\" \/>\n<meta property=\"article:publisher\" content=\"https:\/\/www.facebook.com\/wendltreppe.at\" \/>\n<meta property=\"article:modified_time\" content=\"2023-03-14T08:36:35+00:00\" \/>\n<meta name=\"twitter:card\" content=\"summary_large_image\" \/>\n<meta name=\"twitter:label1\" content=\"Gesch\u00e4tzte Lesezeit\" \/>\n\t<meta name=\"twitter:data1\" content=\"1\u00a0Minute\" \/>\n<script type=\"application\/ld+json\" class=\"yoast-schema-graph\">{\"@context\":\"https:\\\/\\\/schema.org\",\"@graph\":[{\"@type\":\"WebPage\",\"@id\":\"https:\\\/\\\/wendltreppe.at\\\/edelstahlgelaender\\\/\",\"url\":\"https:\\\/\\\/wendltreppe.at\\\/edelstahlgelaender\\\/\",\"name\":\"Edelstahlgel\u00e4nder - Wendl Metall design & technik gmbh\",\"isPartOf\":{\"@id\":\"https:\\\/\\\/wendltreppe.at\\\/#website\"},\"datePublished\":\"2020-01-28T13:28:53+00:00\",\"dateModified\":\"2023-03-14T08:36:35+00:00\",\"description\":\"Edelstahlgel\u00e4nder f\u00fcr Balkone und Terrassen aus Edelstahl sind eine formsch\u00f6ne Visitenkarte Ihres Hauses. Erh\u00e4ltlich bei Wendl Metall & Design.\",\"breadcrumb\":{\"@id\":\"https:\\\/\\\/wendltreppe.at\\\/edelstahlgelaender\\\/#breadcrumb\"},\"inLanguage\":\"de\",\"potentialAction\":[{\"@type\":\"ReadAction\",\"target\":[\"https:\\\/\\\/wendltreppe.at\\\/edelstahlgelaender\\\/\"]}]},{\"@type\":\"BreadcrumbList\",\"@id\":\"https:\\\/\\\/wendltreppe.at\\\/edelstahlgelaender\\\/#breadcrumb\",\"itemListElement\":[{\"@type\":\"ListItem\",\"position\":1,\"name\":\"Home\",\"item\":\"https:\\\/\\\/wendltreppe.at\\\/\"},{\"@type\":\"ListItem\",\"position\":2,\"name\":\"Edelstahlgel\u00e4nder\"}]},{\"@type\":\"WebSite\",\"@id\":\"https:\\\/\\\/wendltreppe.at\\\/#website\",\"url\":\"https:\\\/\\\/wendltreppe.at\\\/\",\"name\":\"Wendl Metall\",\"description\":\"design &amp; technik gmbh\",\"publisher\":{\"@id\":\"https:\\\/\\\/wendltreppe.at\\\/#organization\"},\"potentialAction\":[{\"@type\":\"SearchAction\",\"target\":{\"@type\":\"EntryPoint\",\"urlTemplate\":\"https:\\\/\\\/wendltreppe.at\\\/?s={search_term_string}\"},\"query-input\":{\"@type\":\"PropertyValueSpecification\",\"valueRequired\":true,\"valueName\":\"search_term_string\"}}],\"inLanguage\":\"de\"},{\"@type\":\"Organization\",\"@id\":\"https:\\\/\\\/wendltreppe.at\\\/#organization\",\"name\":\"Wendl Metall\",\"url\":\"https:\\\/\\\/wendltreppe.at\\\/\",\"logo\":{\"@type\":\"ImageObject\",\"inLanguage\":\"de\",\"@id\":\"https:\\\/\\\/wendltreppe.at\\\/#\\\/schema\\\/logo\\\/image\\\/\",\"url\":\"https:\\\/\\\/wendltreppe.at\\\/wp-content\\\/uploads\\\/2019\\\/09\\\/1.png\",\"contentUrl\":\"https:\\\/\\\/wendltreppe.at\\\/wp-content\\\/uploads\\\/2019\\\/09\\\/1.png\",\"width\":220,\"height\":131,\"caption\":\"Wendl Metall\"},\"image\":{\"@id\":\"https:\\\/\\\/wendltreppe.at\\\/#\\\/schema\\\/logo\\\/image\\\/\"},\"sameAs\":[\"https:\\\/\\\/www.facebook.com\\\/wendltreppe.at\",\"https:\\\/\\\/www.instagram.com\\\/wendl_metall\\\/\"]}]}<\/script>\n<!-- \/ Yoast SEO Premium plugin. -->","yoast_head_json":{"title":"Edelstahlgel\u00e4nder - Wendl Metall design & technik gmbh","description":"Edelstahlgel\u00e4nder f\u00fcr Balkone und Terrassen aus Edelstahl sind eine formsch\u00f6ne Visitenkarte Ihres Hauses. Erh\u00e4ltlich bei Wendl Metall & Design.","robots":{"index":"index","follow":"follow","max-snippet":"max-snippet:-1","max-image-preview":"max-image-preview:large","max-video-preview":"max-video-preview:-1"},"canonical":"https:\/\/wendltreppe.at\/edelstahlgelaender\/","og_locale":"de_DE","og_type":"article","og_title":"Edelstahlgel\u00e4nder","og_description":"Edelstahlgel\u00e4nder f\u00fcr Balkone und Terrassen aus Edelstahl sind eine formsch\u00f6ne Visitenkarte Ihres Hauses. Erh\u00e4ltlich bei Wendl Metall & Design.","og_url":"https:\/\/wendltreppe.at\/edelstahlgelaender\/","og_site_name":"Wendl Metall","article_publisher":"https:\/\/www.facebook.com\/wendltreppe.at","article_modified_time":"2023-03-14T08:36:35+00:00","twitter_card":"summary_large_image","twitter_misc":{"Gesch\u00e4tzte Lesezeit":"1\u00a0Minute"},"schema":{"@context":"https:\/\/schema.org","@graph":[{"@type":"WebPage","@id":"https:\/\/wendltreppe.at\/edelstahlgelaender\/","url":"https:\/\/wendltreppe.at\/edelstahlgelaender\/","name":"Edelstahlgel\u00e4nder - Wendl Metall design & technik gmbh","isPartOf":{"@id":"https:\/\/wendltreppe.at\/#website"},"datePublished":"2020-01-28T13:28:53+00:00","dateModified":"2023-03-14T08:36:35+00:00","description":"Edelstahlgel\u00e4nder f\u00fcr Balkone und Terrassen aus Edelstahl sind eine formsch\u00f6ne Visitenkarte Ihres Hauses. Erh\u00e4ltlich bei Wendl Metall & Design.","breadcrumb":{"@id":"https:\/\/wendltreppe.at\/edelstahlgelaender\/#breadcrumb"},"inLanguage":"de","potentialAction":[{"@type":"ReadAction","target":["https:\/\/wendltreppe.at\/edelstahlgelaender\/"]}]},{"@type":"BreadcrumbList","@id":"https:\/\/wendltreppe.at\/edelstahlgelaender\/#breadcrumb","itemListElement":[{"@type":"ListItem","position":1,"name":"Home","item":"https:\/\/wendltreppe.at\/"},{"@type":"ListItem","position":2,"name":"Edelstahlgel\u00e4nder"}]},{"@type":"WebSite","@id":"https:\/\/wendltreppe.at\/#website","url":"https:\/\/wendltreppe.at\/","name":"Wendl Metall","description":"design &amp; technik gmbh","publisher":{"@id":"https:\/\/wendltreppe.at\/#organization"},"potentialAction":[{"@type":"SearchAction","target":{"@type":"EntryPoint","urlTemplate":"https:\/\/wendltreppe.at\/?s={search_term_string}"},"query-input":{"@type":"PropertyValueSpecification","valueRequired":true,"valueName":"search_term_string"}}],"inLanguage":"de"},{"@type":"Organization","@id":"https:\/\/wendltreppe.at\/#organization","name":"Wendl Metall","url":"https:\/\/wendltreppe.at\/","logo":{"@type":"ImageObject","inLanguage":"de","@id":"https:\/\/wendltreppe.at\/#\/schema\/logo\/image\/","url":"https:\/\/wendltreppe.at\/wp-content\/uploads\/2019\/09\/1.png","contentUrl":"https:\/\/wendltreppe.at\/wp-content\/uploads\/2019\/09\/1.png","width":220,"height":131,"caption":"Wendl Metall"},"image":{"@id":"https:\/\/wendltreppe.at\/#\/schema\/logo\/image\/"},"sameAs":["https:\/\/www.facebook.com\/wendltreppe.at","https:\/\/www.instagram.com\/wendl_metall\/"]}]}},"_links":{"self":[{"href":"https:\/\/wendltreppe.at\/wp-json\/wp\/v2\/pages\/574","targetHints":{"allow":["GET"]}}],"collection":[{"href":"https:\/\/wendltreppe.at\/wp-json\/wp\/v2\/pages"}],"about":[{"href":"https:\/\/wendltreppe.at\/wp-json\/wp\/v2\/types\/page"}],"author":[{"embeddable":true,"href":"https:\/\/wendltreppe.at\/wp-json\/wp\/v2\/users\/1"}],"replies":[{"embeddable":true,"href":"https:\/\/wendltreppe.at\/wp-json\/wp\/v2\/comments?post=574"}],"version-history":[{"count":15,"href":"https:\/\/wendltreppe.at\/wp-json\/wp\/v2\/pages\/574\/revisions"}],"predecessor-version":[{"id":3390,"href":"https:\/\/wendltreppe.at\/wp-json\/wp\/v2\/pages\/574\/revisions\/3390"}],"wp:attachment":[{"href":"https:\/\/wendltreppe.at\/wp-json\/wp\/v2\/media?parent=574"}],"curies":[{"name":"wp","href":"https:\/\/api.w.org\/{rel}","templated":true}]}}